{"id":813,"date":"2018-07-30T11:02:01","date_gmt":"2018-07-30T11:02:01","guid":{"rendered":"http:\/\/www.aukijoogakoulu.fi\/?page_id=813"},"modified":"2026-04-02T09:05:18","modified_gmt":"2026-04-02T09:05:18","slug":"yhteystiedot","status":"publish","type":"page","link":"https:\/\/www.aukijoogakoulu.fi\/fi\/yhteystiedot\/","title":{"rendered":"Yhteystiedot"},"content":{"rendered":"\n<p><strong>Osoite<\/strong>:\u00a0 Auki Joogakoulu, N\u00e4silinnankatu 34 B, 7.krs (Studio Vintin B-sali), Tampere<br><\/p>\n\n\n\n<p><strong>S\u00e4hk\u00f6postiosoite<\/strong>:\u00a0 aukijoogakoulu@gmail.com<br><strong>Tilinumero<\/strong>:\u00a0 FI44 4503 0010 5221 95<br><strong>Y-tunnus<\/strong>:\u00a0 2934113 \u2013 2<\/p>\n\n\n\n<p>Auki Joogakoulu toimii Studio Vintin tiloissa Tampereen keskustassa, hyvien kulkuyhteyksien p\u00e4\u00e4ss\u00e4.<\/p>\n\n\n\n<p>Tervetuloa!<\/p>\n","protected":false},"excerpt":{"rendered":"<p>Osoite:\u00a0 Auki Joogakoulu, N\u00e4silinnankatu 34 B, 7.krs (Studio Vintin B-sali), Tampere S\u00e4hk\u00f6postiosoite:\u00a0 aukijoogakoulu@gmail.comTilinumero:\u00a0 FI44 4503 0010 5221 95Y-tunnus:\u00a0 2934113 \u2013 2 Auki Joogakoulu toimii Studio Vintin tiloissa Tampereen keskustassa, hyvien kulkuyhteyksien p\u00e4\u00e4ss\u00e4. Tervetuloa!<\/p>\n","protected":false},"author":1,"featured_media":0,"parent":0,"menu_order":0,"comment_status":"closed","ping_status":"closed","template":"","meta":{"footnotes":""},"class_list":["post-813","page","type-page","status-publish","czr-hentry"],"_links":{"self":[{"href":"https:\/\/www.aukijoogakoulu.fi\/fi\/wp-json\/wp\/v2\/pages\/813","targetHints":{"allow":["GET"]}}],"collection":[{"href":"https:\/\/www.aukijoogakoulu.fi\/fi\/wp-json\/wp\/v2\/pages"}],"about":[{"href":"https:\/\/www.aukijoogakoulu.fi\/fi\/wp-json\/wp\/v2\/types\/page"}],"author":[{"embeddable":true,"href":"https:\/\/www.aukijoogakoulu.fi\/fi\/wp-json\/wp\/v2\/users\/1"}],"replies":[{"embeddable":true,"href":"https:\/\/www.aukijoogakoulu.fi\/fi\/wp-json\/wp\/v2\/comments?post=813"}],"version-history":[{"count":28,"href":"https:\/\/www.aukijoogakoulu.fi\/fi\/wp-json\/wp\/v2\/pages\/813\/revisions"}],"predecessor-version":[{"id":7830,"href":"https:\/\/www.aukijoogakoulu.fi\/fi\/wp-json\/wp\/v2\/pages\/813\/revisions\/7830"}],"wp:attachment":[{"href":"https:\/\/www.aukijoogakoulu.fi\/fi\/wp-json\/wp\/v2\/media?parent=813"}],"curies":[{"name":"wp","href":"https:\/\/api.w.org\/{rel}","templated":true}]}}