{"id":784,"date":"2020-09-30T10:06:58","date_gmt":"2020-09-30T10:06:58","guid":{"rendered":"http:\/\/www.aukijoogakoulu.fi\/?page_id=784"},"modified":"2026-04-02T09:18:04","modified_gmt":"2026-04-02T09:18:04","slug":"koti","status":"publish","type":"page","link":"https:\/\/www.aukijoogakoulu.fi\/fi\/","title":{"rendered":"Ajankohtaista Auki Joogakoulussa"},"content":{"rendered":"\n<hr class=\"wp-block-separator has-alpha-channel-opacity\"\/>\n\n\n\n<div class=\"wp-block-media-text is-stacked-on-mobile\"><figure class=\"wp-block-media-text__media\"><img loading=\"lazy\" decoding=\"async\" width=\"1024\" height=\"768\" src=\"https:\/\/www.aukijoogakoulu.fi\/wp-content\/uploads\/2026\/04\/joogaa-stressin-saatelyyn-frank-1024x768.jpg\" alt=\"\" class=\"wp-image-7835 size-full\" srcset=\"https:\/\/www.aukijoogakoulu.fi\/wp-content\/uploads\/2026\/04\/joogaa-stressin-saatelyyn-frank-1024x768.jpg 1024w, https:\/\/www.aukijoogakoulu.fi\/wp-content\/uploads\/2026\/04\/joogaa-stressin-saatelyyn-frank-300x225.jpg 300w, https:\/\/www.aukijoogakoulu.fi\/wp-content\/uploads\/2026\/04\/joogaa-stressin-saatelyyn-frank-768x576.jpg 768w, https:\/\/www.aukijoogakoulu.fi\/wp-content\/uploads\/2026\/04\/joogaa-stressin-saatelyyn-frank-16x12.jpg 16w, https:\/\/www.aukijoogakoulu.fi\/wp-content\/uploads\/2026\/04\/joogaa-stressin-saatelyyn-frank.jpg 1280w\" sizes=\"auto, (max-width: 1024px) 100vw, 1024px\" \/><\/figure><div class=\"wp-block-media-text__content\">\n<p><strong>JOOGAA STRESSIN S\u00c4\u00c4TELYYN<\/strong><\/p>\n\n\n\n<p>13.4. \u2013 18.5.2026<br>Maanantaisin 19.30-20.30<br>Hinta: 80\/60e<\/p>\n\n\n\n<p>T\u00e4ll\u00e4 kurssilla jokainen voi joogata omasta l\u00e4ht\u00f6kohdastaan ja tutustua omaan kehoonsa. Tavoitteena on syvent\u00e4\u00e4 kehotietoisuutta, oppia hermostoa rauhoittavia ja aktivoivia s\u00e4\u00e4telytapoja sek\u00e4 tutustua omaan hengitykseen.<\/p>\n\n\n\n<p>Frank Kappas ohjaa traumasovelletun joogamenetelm\u00e4n (TAY) harjoituksia. Tunnin aikana vuorottelevat liike, tasapaino, hengitys ja hiljentyminen \u2013 lempe\u00e4 virta, joka tukee l\u00e4sn\u00e4oloa ja palautumista.<\/p>\n\n\n\n<p>Et tarvitse aiempaa joogakokemusta \u2013 uteliaisuus, avoimuus ja halu pys\u00e4hty\u00e4 oman itsesi \u00e4\u00e4relle riitt\u00e4\u00e4. Ilmoittautuminen <a href=\"https:\/\/www.varaaheti.fi\/aukijoogakoulu\/fi\" data-type=\"link\" data-id=\"https:\/\/www.varaaheti.fi\/aukijoogakoulu\/fi\">varauskalenterista.<\/a><\/p>\n<\/div><\/div>\n\n\n\n<hr class=\"wp-block-separator has-alpha-channel-opacity\"\/>\n\n\n\n<p><strong>TUTUSTU YHTEISTY\u00d6KUMPPANIIMME<\/strong><\/p>\n\n\n\n<p>Auki Joogakoulu tekee yhteisty\u00f6t\u00e4 tamperelaisen SOLU Reset Centerin kanssa.<\/p>\n\n\n\n<p>Tutustu heid\u00e4n kokonaisvaltaista terveytt\u00e4 edist\u00e4viin palveluihinsa oheisista esitteist\u00e4 tai <a href=\"https:\/\/www.facebook.com\/profile.php?id=61578581954165\" data-type=\"link\" data-id=\"https:\/\/www.facebook.com\/profile.php?id=61578581954165\">Facebookissa.<\/a><\/p>\n\n\n\n<div class=\"wp-block-columns is-layout-flex wp-container-core-columns-is-layout-9d6595d7 wp-block-columns-is-layout-flex\">\n<div class=\"wp-block-column is-layout-flow wp-block-column-is-layout-flow\">\n<figure class=\"wp-block-image size-large\"><a href=\"http:\/\/www.aukijoogakoulu.fi\/wp-content\/uploads\/2026\/04\/Solu-Reset-Center-1.jpg\"><img loading=\"lazy\" decoding=\"async\" width=\"1024\" height=\"722\" src=\"http:\/\/www.aukijoogakoulu.fi\/wp-content\/uploads\/2026\/04\/Solu-Reset-Center-1-1024x722.jpg\" alt=\"\" class=\"wp-image-7832\" srcset=\"https:\/\/www.aukijoogakoulu.fi\/wp-content\/uploads\/2026\/04\/Solu-Reset-Center-1-1024x722.jpg 1024w, https:\/\/www.aukijoogakoulu.fi\/wp-content\/uploads\/2026\/04\/Solu-Reset-Center-1-300x212.jpg 300w, https:\/\/www.aukijoogakoulu.fi\/wp-content\/uploads\/2026\/04\/Solu-Reset-Center-1-768x542.jpg 768w, https:\/\/www.aukijoogakoulu.fi\/wp-content\/uploads\/2026\/04\/Solu-Reset-Center-1-18x12.jpg 18w, https:\/\/www.aukijoogakoulu.fi\/wp-content\/uploads\/2026\/04\/Solu-Reset-Center-1.jpg 1260w\" sizes=\"auto, (max-width: 1024px) 100vw, 1024px\" \/><\/a><\/figure>\n<\/div>\n\n\n\n<div class=\"wp-block-column is-layout-flow wp-block-column-is-layout-flow\">\n<figure class=\"wp-block-image size-large\"><a href=\"http:\/\/www.aukijoogakoulu.fi\/wp-content\/uploads\/2026\/04\/Solu-Reset-Center-2.jpg\"><img loading=\"lazy\" decoding=\"async\" width=\"1024\" height=\"724\" src=\"http:\/\/www.aukijoogakoulu.fi\/wp-content\/uploads\/2026\/04\/Solu-Reset-Center-2-1024x724.jpg\" alt=\"\" class=\"wp-image-7833\" srcset=\"https:\/\/www.aukijoogakoulu.fi\/wp-content\/uploads\/2026\/04\/Solu-Reset-Center-2-1024x724.jpg 1024w, https:\/\/www.aukijoogakoulu.fi\/wp-content\/uploads\/2026\/04\/Solu-Reset-Center-2-300x212.jpg 300w, https:\/\/www.aukijoogakoulu.fi\/wp-content\/uploads\/2026\/04\/Solu-Reset-Center-2-768x543.jpg 768w, https:\/\/www.aukijoogakoulu.fi\/wp-content\/uploads\/2026\/04\/Solu-Reset-Center-2-18x12.jpg 18w, https:\/\/www.aukijoogakoulu.fi\/wp-content\/uploads\/2026\/04\/Solu-Reset-Center-2.jpg 1262w\" sizes=\"auto, (max-width: 1024px) 100vw, 1024px\" \/><\/a><\/figure>\n<\/div>\n<\/div>\n\n\n\n<hr class=\"wp-block-separator has-alpha-channel-opacity\"\/>\n\n\n\n<div class=\"wp-block-media-text is-stacked-on-mobile\" style=\"grid-template-columns:39% auto\"><figure class=\"wp-block-media-text__media\"><img loading=\"lazy\" decoding=\"async\" width=\"1024\" height=\"768\" src=\"http:\/\/www.aukijoogakoulu.fi\/wp-content\/uploads\/2023\/02\/pikkupossut_vihrea-1024x768.jpg\" alt=\"\" class=\"wp-image-6616 size-full\" srcset=\"https:\/\/www.aukijoogakoulu.fi\/wp-content\/uploads\/2023\/02\/pikkupossut_vihrea-1024x768.jpg 1024w, https:\/\/www.aukijoogakoulu.fi\/wp-content\/uploads\/2023\/02\/pikkupossut_vihrea-300x225.jpg 300w, https:\/\/www.aukijoogakoulu.fi\/wp-content\/uploads\/2023\/02\/pikkupossut_vihrea-768x576.jpg 768w, https:\/\/www.aukijoogakoulu.fi\/wp-content\/uploads\/2023\/02\/pikkupossut_vihrea-1536x1151.jpg 1536w, https:\/\/www.aukijoogakoulu.fi\/wp-content\/uploads\/2023\/02\/pikkupossut_vihrea-2048x1535.jpg 2048w, https:\/\/www.aukijoogakoulu.fi\/wp-content\/uploads\/2023\/02\/pikkupossut_vihrea-16x12.jpg 16w\" sizes=\"auto, (max-width: 1024px) 100vw, 1024px\" \/><\/figure><div class=\"wp-block-media-text__content\">\n<p>Tule joogaamaan Aukille arkiaamuisin!<br><br>Maanantaisin ja perjantaisin on mahdollisuus tehd\u00e4 omaa harjoitusta 6.30-8.30. Tiistai-torstaiaamuisin Frankin mysoretunnit jatkuvat edelleen.<br><br>Aamumysoret puoleen hintaan.<\/p>\n\n\n\n<p>Muistathan varata paikan <a href=\"https:\/\/www.varaaheti.fi\/aukijoogakoulu\/fi\" data-type=\"link\" data-id=\"https:\/\/www.varaaheti.fi\/aukijoogakoulu\/fi\">varauskalenterista.<\/a><br><br>N\u00e4hd\u00e4\u00e4n joogassa! \ud83d\ude0a<\/p>\n<\/div><\/div>\n\n\n\n<hr class=\"wp-block-separator has-alpha-channel-opacity\"\/>\n\n\n\n<div class=\"wp-block-media-text is-stacked-on-mobile\" style=\"grid-template-columns:39% auto\"><figure class=\"wp-block-media-text__media\"><img loading=\"lazy\" decoding=\"async\" width=\"819\" height=\"1024\" src=\"https:\/\/www.aukijoogakoulu.fi\/wp-content\/uploads\/2026\/03\/Karpathos-insta-3-819x1024.png\" alt=\"\" class=\"wp-image-7812 size-full\" srcset=\"https:\/\/www.aukijoogakoulu.fi\/wp-content\/uploads\/2026\/03\/Karpathos-insta-3-819x1024.png 819w, https:\/\/www.aukijoogakoulu.fi\/wp-content\/uploads\/2026\/03\/Karpathos-insta-3-240x300.png 240w, https:\/\/www.aukijoogakoulu.fi\/wp-content\/uploads\/2026\/03\/Karpathos-insta-3-768x960.png 768w, https:\/\/www.aukijoogakoulu.fi\/wp-content\/uploads\/2026\/03\/Karpathos-insta-3-10x12.png 10w, https:\/\/www.aukijoogakoulu.fi\/wp-content\/uploads\/2026\/03\/Karpathos-insta-3.png 1080w\" sizes=\"auto, (max-width: 819px) 100vw, 819px\" \/><\/figure><div class=\"wp-block-media-text__content\">\n<p><strong>ASTANGAJOOGARETRIITTI 16.9.-22.9.2026<\/strong><\/p>\n\n\n\n<p>Frank Kappas ja Elena Eleftheriadi ohjaavat tunnit Karpathoksen kaupungin keskustassa.<\/p>\n\n\n\n<p>Joogaohjauksen hinta on 240e, johon sis\u00e4ltyy 7 aamuharjoitusta ja 5 iltaharjoitusta. Lauantaina on vaellusp\u00e4iv\u00e4.<\/p>\n\n\n\n<p>Aamuharjoitus:<br>7.00-9.00 mysore<br>9.00-10.30 ohjattu harjoitus<br>Iltaharjoitus:<br>18.30-20.00 syvent\u00e4v\u00e4<br>20.00-20.30 meditaatio<\/p>\n\n\n\n<p><a href=\"http:\/\/www.apollomatkat.fi\" data-type=\"link\" data-id=\"www.apollomatkat.fi\">Apollo-matkoilta<\/a> voi varata suorat lennot ja majoituksen, tai muualta omatoimisesti.<\/p>\n\n\n\n<p>Seuraavalla viikolla 22.9.-29.9. Frank Kappasin ja Linda Taakalan retriitti samassa paikassa.<\/p>\n\n\n\n<p>Kaikki kurssiin liittyv\u00e4t kysymykset ja ilmoittautumiset: Maarit Karilo: +358405836024, <a href=\"mailto:maarit.karilo@hotmail.com\">maarit.karilo@hotmail.com<\/a><\/p>\n<\/div><\/div>\n\n\n\n<hr class=\"wp-block-separator has-alpha-channel-opacity\"\/>\n\n\n\n<div class=\"wp-block-media-text is-stacked-on-mobile\" style=\"grid-template-columns:42% auto\"><figure class=\"wp-block-media-text__media\"><img loading=\"lazy\" decoding=\"async\" width=\"1024\" height=\"958\" src=\"http:\/\/www.aukijoogakoulu.fi\/wp-content\/uploads\/2023\/02\/Shavaasana_pyorea-1024x958.jpg\" alt=\"\" class=\"wp-image-6586 size-full\" srcset=\"https:\/\/www.aukijoogakoulu.fi\/wp-content\/uploads\/2023\/02\/Shavaasana_pyorea-1024x958.jpg 1024w, https:\/\/www.aukijoogakoulu.fi\/wp-content\/uploads\/2023\/02\/Shavaasana_pyorea-300x281.jpg 300w, https:\/\/www.aukijoogakoulu.fi\/wp-content\/uploads\/2023\/02\/Shavaasana_pyorea-768x719.jpg 768w, https:\/\/www.aukijoogakoulu.fi\/wp-content\/uploads\/2023\/02\/Shavaasana_pyorea-1536x1438.jpg 1536w, https:\/\/www.aukijoogakoulu.fi\/wp-content\/uploads\/2023\/02\/Shavaasana_pyorea-2048x1917.jpg 2048w, https:\/\/www.aukijoogakoulu.fi\/wp-content\/uploads\/2023\/02\/Shavaasana_pyorea-13x12.jpg 13w\" sizes=\"auto, (max-width: 1024px) 100vw, 1024px\" \/><\/figure><div class=\"wp-block-media-text__content\">\n<p><strong>OPISKELIJATARJOUS!<\/strong><\/p>\n\n\n\n<p>Uusi vuosi on hyv\u00e4 aika kokeilla uusia juttuja.<br><br>Aukilla on Slice-sovelluksessa opiskelijoille mahtava tarjous: 5 kerran kortti vain 40 euroa. Kortti on voimassa 2 kuukautta. Kortti k\u00e4y Aukin tunneilla, k\u00e4y kokeilemassa vaikka kaikkia! \ud83d\ude0a<\/p>\n\n\n\n<p>Viikko-ohjelmassa t\u00e4ll\u00e4 hetkell\u00e4:<br>-lempe\u00e4 sovellettu ja ohjattu astangatunti, sopii kaikille<br>-mysoretunnit, joilla saa itsen\u00e4ist\u00e4 ohjausta<br>-joogaa ja mielenrauhaa, hyvin lempe\u00e4 kehoyhteytt\u00e4 vahvistava tunti<br>-10 asanaa ja meditaatio, jossa asanat valmistelevat kehon meditaatioon<br>-oikeita linjauksia painottava iyengar-jooga<\/p>\n\n\n\n<p>L\u00e4mpim\u00e4sti tervetuloa! \u2764\ufe0f<\/p>\n<\/div><\/div>\n\n\n\n<hr class=\"wp-block-separator has-alpha-channel-opacity\"\/>\n\n\n\n<div class=\"wp-block-media-text is-stacked-on-mobile\" style=\"grid-template-columns:43% auto\"><figure class=\"wp-block-media-text__media\"><img loading=\"lazy\" decoding=\"async\" width=\"1024\" height=\"576\" src=\"https:\/\/www.aukijoogakoulu.fi\/wp-content\/uploads\/2026\/02\/Aukin-aikataulu-kevat-2-1024x576.jpg\" alt=\"\" class=\"wp-image-7798 size-full\" srcset=\"https:\/\/www.aukijoogakoulu.fi\/wp-content\/uploads\/2026\/02\/Aukin-aikataulu-kevat-2-1024x576.jpg 1024w, https:\/\/www.aukijoogakoulu.fi\/wp-content\/uploads\/2026\/02\/Aukin-aikataulu-kevat-2-300x169.jpg 300w, https:\/\/www.aukijoogakoulu.fi\/wp-content\/uploads\/2026\/02\/Aukin-aikataulu-kevat-2-768x432.jpg 768w, https:\/\/www.aukijoogakoulu.fi\/wp-content\/uploads\/2026\/02\/Aukin-aikataulu-kevat-2-1536x864.jpg 1536w, https:\/\/www.aukijoogakoulu.fi\/wp-content\/uploads\/2026\/02\/Aukin-aikataulu-kevat-2-18x10.jpg 18w, https:\/\/www.aukijoogakoulu.fi\/wp-content\/uploads\/2026\/02\/Aukin-aikataulu-kevat-2-1110x624.jpg 1110w, https:\/\/www.aukijoogakoulu.fi\/wp-content\/uploads\/2026\/02\/Aukin-aikataulu-kevat-2-528x297.jpg 528w, https:\/\/www.aukijoogakoulu.fi\/wp-content\/uploads\/2026\/02\/Aukin-aikataulu-kevat-2.jpg 1920w\" sizes=\"auto, (max-width: 1024px) 100vw, 1024px\" \/><\/figure><div class=\"wp-block-media-text__content\">\n<p><strong>KEV\u00c4\u00c4N 2026 AIKATAULU<\/strong><\/p>\n\n\n\n<p>Jarnon iyengartunnit jatkuvat maanantaisin.<\/p>\n\n\n\n<p>Joogaa ja mielenrauhaa tarjolla maanantai-iltaisin ja keskiviikkoaamuisin.<\/p>\n\n\n\n<p>Perjantaiaamuihin on lis\u00e4tty sovellettua astangaa.<\/p>\n\n\n\n<p>Uutena tuntina keskiviikkoillan \u201d10 asanaa + meditaatio\u201d, josta tulee pian lis\u00e4tietoa.<\/p>\n\n\n\n<p>Ilmoittautuminen <a href=\"https:\/\/www.varaaheti.fi\/aukijoogakoulu\/fi\" data-type=\"link\" data-id=\"https:\/\/www.varaaheti.fi\/aukijoogakoulu\/fi\">varauskalenterista.<\/a><\/p>\n<\/div><\/div>\n\n\n\n<hr class=\"wp-block-separator has-alpha-channel-opacity\"\/>\n\n\n\n<div class=\"wp-block-media-text is-stacked-on-mobile\" style=\"grid-template-columns:33% auto\"><figure class=\"wp-block-media-text__media\"><img loading=\"lazy\" decoding=\"async\" width=\"1024\" height=\"933\" src=\"http:\/\/www.aukijoogakoulu.fi\/wp-content\/uploads\/2021\/10\/IMG_1440-1024x933.jpg\" alt=\"\" class=\"wp-image-5677 size-full\" srcset=\"https:\/\/www.aukijoogakoulu.fi\/wp-content\/uploads\/2021\/10\/IMG_1440-1024x933.jpg 1024w, https:\/\/www.aukijoogakoulu.fi\/wp-content\/uploads\/2021\/10\/IMG_1440-300x273.jpg 300w, https:\/\/www.aukijoogakoulu.fi\/wp-content\/uploads\/2021\/10\/IMG_1440-768x700.jpg 768w, https:\/\/www.aukijoogakoulu.fi\/wp-content\/uploads\/2021\/10\/IMG_1440-1536x1400.jpg 1536w, https:\/\/www.aukijoogakoulu.fi\/wp-content\/uploads\/2021\/10\/IMG_1440-2048x1866.jpg 2048w, https:\/\/www.aukijoogakoulu.fi\/wp-content\/uploads\/2021\/10\/IMG_1440-13x12.jpg 13w\" sizes=\"auto, (max-width: 1024px) 100vw, 1024px\" \/><\/figure><div class=\"wp-block-media-text__content\">\n<p><strong>MUUTOKSIA VARAUSEHTOIHIN<\/strong><\/p>\n\n\n\n<p>Ilmoittauduthan aina joogatunnille <a href=\"https:\/\/www.varaaheti.fi\/aukijoogakoulu\/fi\" data-type=\"link\" data-id=\"https:\/\/www.varaaheti.fi\/aukijoogakoulu\/fi\">varauskalenterista<\/a>.<\/p>\n\n\n\n<p>Voit perua osallistumisen <strong>viimeist\u00e4\u00e4n 3 tuntia<\/strong> ennen tunnin alkua.<\/p>\n\n\n\n<p>Jos joudut perumaan aamutunnin, teeth\u00e4n sen jo edellisen\u00e4 iltana. Jos osallistujia ei ole tarpeeksi, Frank ilmoittaa aamutuntien perumisesta klo 21 edellisen\u00e4 iltana.<\/p>\n\n\n\n<p>Maanantai-iltojen Joogaa ja mielenrauhaa on ollut suosittu. Jos et p\u00e4\u00e4se tulemaan, peruthan paikkasi ajoissa, niin joku muu p\u00e4\u00e4see osallistumaan. Ja halukkaiden kannattaa k\u00e4yd\u00e4 tarkistamassa tilanne ennen tunnin alkua! &lt;3<\/p>\n<\/div><\/div>\n\n\n\n<hr class=\"wp-block-separator has-alpha-channel-opacity\"\/>\n\n\n\n<div class=\"wp-block-media-text is-stacked-on-mobile\" style=\"grid-template-columns:34% auto\"><figure class=\"wp-block-media-text__media\"><img loading=\"lazy\" decoding=\"async\" width=\"819\" height=\"1024\" src=\"http:\/\/www.aukijoogakoulu.fi\/wp-content\/uploads\/2025\/10\/Joogaa-ja-mielenrauhaa-kuva-819x1024.png\" alt=\"\" class=\"wp-image-7755 size-full\" srcset=\"https:\/\/www.aukijoogakoulu.fi\/wp-content\/uploads\/2025\/10\/Joogaa-ja-mielenrauhaa-kuva-819x1024.png 819w, https:\/\/www.aukijoogakoulu.fi\/wp-content\/uploads\/2025\/10\/Joogaa-ja-mielenrauhaa-kuva-240x300.png 240w, https:\/\/www.aukijoogakoulu.fi\/wp-content\/uploads\/2025\/10\/Joogaa-ja-mielenrauhaa-kuva-768x960.png 768w, https:\/\/www.aukijoogakoulu.fi\/wp-content\/uploads\/2025\/10\/Joogaa-ja-mielenrauhaa-kuva-10x12.png 10w, https:\/\/www.aukijoogakoulu.fi\/wp-content\/uploads\/2025\/10\/Joogaa-ja-mielenrauhaa-kuva.png 1080w\" sizes=\"auto, (max-width: 819px) 100vw, 819px\" \/><\/figure><div class=\"wp-block-media-text__content\">\n<p><strong>JOOGAA JA MIELENRAUHAA<\/strong> <\/p>\n\n\n\n<p>Tunteja tarjolla maanantaisin 19.30 ja keskiviikkoisin 9.30.<\/p>\n\n\n\n<p>Harjoitus tukee kokonaisvaltaista hyvinvointia. Tavoitteena on syvent\u00e4\u00e4 kehotietoisuutta, oppia hermostoa rauhoittavia ja aktivoivia s\u00e4\u00e4telytapoja sek\u00e4 tutustua omaan hengitykseen.<\/p>\n\n\n\n<p>Tunnilla l\u00e4hestyt\u00e4\u00e4n kehoa, liikett\u00e4 ja hengityst\u00e4 eri suunnista, erilaisten aktivoitumis- ja rentoutumismenetelmien kautta. Harjoitteet ammentavat traumasovellettujen joogamenetelmien ja astangajoogan maadoittavista periaatteista.<\/p>\n\n\n\n<p>Osallistuminen ei vaadi aiempaa kokemusta ja sopii kaikille, jotka ovat kiinnostuneita vahvistamaan keho-mieli-yhteytt\u00e4\u00e4n.<\/p>\n\n\n\n<p>Ilmoittaudu <a href=\"https:\/\/www.varaaheti.fi\/aukijoogakoulu\/fi\" data-type=\"link\" data-id=\"https:\/\/www.varaaheti.fi\/aukijoogakoulu\/fi\">varauskalenterista<\/a>!<\/p>\n<\/div><\/div>\n\n\n\n<hr class=\"wp-block-separator has-alpha-channel-opacity\"\/>\n\n\n\n<div class=\"wp-block-media-text is-stacked-on-mobile\" style=\"grid-template-columns:35% auto\"><figure class=\"wp-block-media-text__media\"><img loading=\"lazy\" decoding=\"async\" width=\"922\" height=\"1024\" src=\"http:\/\/www.aukijoogakoulu.fi\/wp-content\/uploads\/2025\/10\/holvikatto-mysore-922x1024.jpg\" alt=\"\" class=\"wp-image-7744 size-full\" srcset=\"https:\/\/www.aukijoogakoulu.fi\/wp-content\/uploads\/2025\/10\/holvikatto-mysore-922x1024.jpg 922w, https:\/\/www.aukijoogakoulu.fi\/wp-content\/uploads\/2025\/10\/holvikatto-mysore-270x300.jpg 270w, https:\/\/www.aukijoogakoulu.fi\/wp-content\/uploads\/2025\/10\/holvikatto-mysore-768x853.jpg 768w, https:\/\/www.aukijoogakoulu.fi\/wp-content\/uploads\/2025\/10\/holvikatto-mysore-1383x1536.jpg 1383w, https:\/\/www.aukijoogakoulu.fi\/wp-content\/uploads\/2025\/10\/holvikatto-mysore-11x12.jpg 11w, https:\/\/www.aukijoogakoulu.fi\/wp-content\/uploads\/2025\/10\/holvikatto-mysore.jpg 1441w\" sizes=\"auto, (max-width: 922px) 100vw, 922px\" \/><\/figure><div class=\"wp-block-media-text__content\">\n<p><strong>AAMUN MYSORETUNNIT PUOLEEN HINTAAN<\/strong><\/p>\n\n\n\n<p>Jos et saa joogattua yksin kotona, tule Aukille arkiaamuisin!<\/p>\n\n\n\n<p>Mysore tarkoittaa itsen\u00e4isesti teht\u00e4v\u00e4\u00e4 harjoitusta, ja meill\u00e4 on Aukilla ajatuksena laajentaa t\u00e4t\u00e4 konseptia. Voit tehd\u00e4 arkiaamujen mysoretunneilla perinteist\u00e4 astangaa omaan tahtiin, tai saada ohjaajan yksil\u00f6llisesti r\u00e4\u00e4t\u00e4l\u00f6ity\u00e4 ohjausta juuri sill\u00e4 tasolla, jolla olet itse menossa. Voit my\u00f6s tehd\u00e4 mit\u00e4 tahansa muuta joogaa, hathaa, yini\u00e4 &#8211; tai vaikka meditoida.<\/p>\n\n\n\n<p>N\u00e4iden aamujen ajatuksena on kokoontua saman sinisen holvikaton alle, harjoittelemaan yksin ja kuitenkin yhdess\u00e4. <img loading=\"lazy\" decoding=\"async\" src=\"https:\/\/static.xx.fbcdn.net\/images\/emoji.php\/v9\/tf4\/1\/16\/2728.png\" alt=\"\u2728\" width=\"16\" height=\"16\"><\/p>\n\n\n\n<p>Ilmoittautuminen <a href=\"https:\/\/www.varaaheti.fi\/aukijoogakoulu\/fi\" data-type=\"link\" data-id=\"https:\/\/www.varaaheti.fi\/aukijoogakoulu\/fi\">varauskalenterista.<\/a><\/p>\n<\/div><\/div>\n\n\n\n<hr class=\"wp-block-separator has-alpha-channel-opacity\"\/>\n\n\n\n<div class=\"wp-block-media-text is-stacked-on-mobile\" style=\"grid-template-columns:36% auto\"><figure class=\"wp-block-media-text__media\"><img loading=\"lazy\" decoding=\"async\" width=\"963\" height=\"1024\" src=\"http:\/\/www.aukijoogakoulu.fi\/wp-content\/uploads\/2023\/09\/89803696_2584569218452571_794406509801897984_o-963x1024.jpg\" alt=\"\" class=\"wp-image-6950 size-full\" srcset=\"https:\/\/www.aukijoogakoulu.fi\/wp-content\/uploads\/2023\/09\/89803696_2584569218452571_794406509801897984_o-963x1024.jpg 963w, https:\/\/www.aukijoogakoulu.fi\/wp-content\/uploads\/2023\/09\/89803696_2584569218452571_794406509801897984_o-282x300.jpg 282w, https:\/\/www.aukijoogakoulu.fi\/wp-content\/uploads\/2023\/09\/89803696_2584569218452571_794406509801897984_o-768x816.jpg 768w, https:\/\/www.aukijoogakoulu.fi\/wp-content\/uploads\/2023\/09\/89803696_2584569218452571_794406509801897984_o-11x12.jpg 11w, https:\/\/www.aukijoogakoulu.fi\/wp-content\/uploads\/2023\/09\/89803696_2584569218452571_794406509801897984_o.jpg 1080w\" sizes=\"auto, (max-width: 963px) 100vw, 963px\" \/><\/figure><div class=\"wp-block-media-text__content\">\n<p><strong>AUKI JOOGAKOULU<\/strong> <strong>ON MUUTTANUT<\/strong><\/p>\n\n\n\n<p>Auki Joogakoulu toimii 1.10.2025 alkaen Studio Vintin B-studiolla, osoitteessa <strong>N\u00e4silinnankatu 34B<\/strong>, 7.krs, 33200 Tampere.<\/p>\n\n\n\n<p>Viikkotunnit l\u00f6ytyv\u00e4t <a href=\"http:\/\/varaaheti.fi\/aukijoogakoulu\" data-type=\"link\" data-id=\"http:\/\/varaaheti.fi\/aukijoogakoulu\" target=\"_blank\" rel=\"noreferrer noopener\">varauskalenterista.<\/a> Nykyiset kymppikortit ovat voimassa my\u00f6s muuton j\u00e4lkeen, joten kannattaa tulla tutustumaan Vintin kauniiseen saliin korkealla kaupungin kattojen yll\u00e4.<\/p>\n\n\n\n<p>N\u00e4hd\u00e4\u00e4n joogassa!<\/p>\n\n\n\n<p><br><\/p>\n<\/div><\/div>\n\n\n\n<h2 class=\"wp-block-heading\"><span style=\"text-decoration: underline;\"><\/span><\/h2>\n\n\n\n<hr class=\"wp-block-separator has-alpha-channel-opacity\"\/>\n\n\n\n<div class=\"wp-block-media-text is-stacked-on-mobile\" style=\"grid-template-columns:37% auto\"><figure class=\"wp-block-media-text__media\"><img loading=\"lazy\" decoding=\"async\" width=\"945\" height=\"776\" src=\"http:\/\/www.aukijoogakoulu.fi\/wp-content\/uploads\/2025\/01\/Jarno-Luzernissa\u0308-2.jpeg\" alt=\"\" class=\"wp-image-7562 size-full\" srcset=\"https:\/\/www.aukijoogakoulu.fi\/wp-content\/uploads\/2025\/01\/Jarno-Luzernissa\u0308-2.jpeg 945w, https:\/\/www.aukijoogakoulu.fi\/wp-content\/uploads\/2025\/01\/Jarno-Luzernissa\u0308-2-300x246.jpeg 300w, https:\/\/www.aukijoogakoulu.fi\/wp-content\/uploads\/2025\/01\/Jarno-Luzernissa\u0308-2-768x631.jpeg 768w, https:\/\/www.aukijoogakoulu.fi\/wp-content\/uploads\/2025\/01\/Jarno-Luzernissa\u0308-2-15x12.jpeg 15w\" sizes=\"auto, (max-width: 945px) 100vw, 945px\" \/><\/figure><div class=\"wp-block-media-text__content\">\n<p><strong>TARJOLLA MY\u00d6S IYENGARJOOGAA<\/strong><\/p>\n\n\n\n<p>Jarno M\u00e4kel\u00e4 ohjaa Aukilla iyengarjoogaa, jossa painotetaan asanoiden tehokkaita ja turvallisia linjauksia. Tunnit ovat maanantaisin klo 16.30 &#8211; 18.00.<\/p>\n\n\n\n<p>Ensimm\u00e4inen tutustumiskerta on ilmainen, eik\u00e4 sille tarvitse ilmoittautua etuk\u00e4teen.<\/p>\n\n\n\n<p>Jarno opettaa my\u00f6s <a href=\"http:\/\/www.shengarden.fi\" data-type=\"link\" data-id=\"www.shengarden.fi\" target=\"_blank\" rel=\"noreferrer noopener\">Shen Gardenissa<\/a> ja Jarnosta lis\u00e4tietoa l\u00f6ytyy h\u00e4nen <a href=\"https:\/\/www.pikkufakiiri.com\/\" data-type=\"link\" data-id=\"https:\/\/www.pikkufakiiri.com\/\" target=\"_blank\" rel=\"noreferrer noopener\">kotisivuiltaan.<\/a><\/p>\n\n\n\n<p>Tervetuloa kokeilemaan!<\/p>\n<\/div><\/div>\n\n\n\n<hr class=\"wp-block-separator has-alpha-channel-opacity\"\/>\n\n\n\n<div class=\"wp-block-media-text is-stacked-on-mobile\" style=\"grid-template-columns:37% auto\"><figure class=\"wp-block-media-text__media\"><img loading=\"lazy\" decoding=\"async\" width=\"1024\" height=\"607\" src=\"http:\/\/www.aukijoogakoulu.fi\/wp-content\/uploads\/2023\/11\/frank-kappas-astangajooga5-1024x607.jpg\" alt=\"\" class=\"wp-image-7054 size-full\" srcset=\"https:\/\/www.aukijoogakoulu.fi\/wp-content\/uploads\/2023\/11\/frank-kappas-astangajooga5-1024x607.jpg 1024w, https:\/\/www.aukijoogakoulu.fi\/wp-content\/uploads\/2023\/11\/frank-kappas-astangajooga5-300x178.jpg 300w, https:\/\/www.aukijoogakoulu.fi\/wp-content\/uploads\/2023\/11\/frank-kappas-astangajooga5-768x455.jpg 768w, https:\/\/www.aukijoogakoulu.fi\/wp-content\/uploads\/2023\/11\/frank-kappas-astangajooga5-1536x911.jpg 1536w, https:\/\/www.aukijoogakoulu.fi\/wp-content\/uploads\/2023\/11\/frank-kappas-astangajooga5-18x12.jpg 18w, https:\/\/www.aukijoogakoulu.fi\/wp-content\/uploads\/2023\/11\/frank-kappas-astangajooga5.jpg 2000w\" sizes=\"auto, (max-width: 1024px) 100vw, 1024px\" \/><\/figure><div class=\"wp-block-media-text__content\">\n<p><strong>KOKEILE SOVELLETTUA ASTANGAA KOTONA<\/strong><\/p>\n\n\n\n<p>Tutustu sovellettuun astangajoogatuntiin ja Frankin opetustyyliin t\u00e4m\u00e4n videon avulla. Video l\u00f6ytyy <a href=\"https:\/\/www.youtube.com\/watch?v=rnCiFUZKCqU\" data-type=\"link\" data-id=\"https:\/\/www.youtube.com\/watch?v=rnCiFUZKCqU\" target=\"_blank\" rel=\"noreferrer noopener\">YouTubesta<\/a>.<\/p>\n\n\n\n<p>Tervetuloa joogaamaan kotimatolta! \ud83d\ude42&nbsp;<\/p>\n<\/div><\/div>\n\n\n\n<hr class=\"wp-block-separator has-alpha-channel-opacity\"\/>\n\n\n\n<p><\/p>\n","protected":false},"excerpt":{"rendered":"<p>JOOGAA STRESSIN S\u00c4\u00c4TELYYN 13.4. \u2013 18.5.2026Maanantaisin 19.30-20.30Hinta: 80\/60e T\u00e4ll\u00e4 kurssilla jokainen voi joogata omasta l\u00e4ht\u00f6kohdastaan ja tutustua omaan kehoonsa. Tavoitteena on syvent\u00e4\u00e4 kehotietoisuutta, oppia hermostoa rauhoittavia ja aktivoivia s\u00e4\u00e4telytapoja sek\u00e4 tutustua omaan hengitykseen. Frank Kappas ohjaa traumasovelletun joogamenetelm\u00e4n (TAY) harjoituksia. Tunnin aikana vuorottelevat liike, tasapaino, hengitys ja hiljentyminen \u2013 lempe\u00e4 virta, joka tukee l\u00e4sn\u00e4oloa ja [&hellip;]<\/p>\n","protected":false},"author":1,"featured_media":0,"parent":0,"menu_order":0,"comment_status":"closed","ping_status":"closed","template":"","meta":{"footnotes":""},"class_list":["post-784","page","type-page","status-publish","czr-hentry"],"_links":{"self":[{"href":"https:\/\/www.aukijoogakoulu.fi\/fi\/wp-json\/wp\/v2\/pages\/784","targetHints":{"allow":["GET"]}}],"collection":[{"href":"https:\/\/www.aukijoogakoulu.fi\/fi\/wp-json\/wp\/v2\/pages"}],"about":[{"href":"https:\/\/www.aukijoogakoulu.fi\/fi\/wp-json\/wp\/v2\/types\/page"}],"author":[{"embeddable":true,"href":"https:\/\/www.aukijoogakoulu.fi\/fi\/wp-json\/wp\/v2\/users\/1"}],"replies":[{"embeddable":true,"href":"https:\/\/www.aukijoogakoulu.fi\/fi\/wp-json\/wp\/v2\/comments?post=784"}],"version-history":[{"count":1813,"href":"https:\/\/www.aukijoogakoulu.fi\/fi\/wp-json\/wp\/v2\/pages\/784\/revisions"}],"predecessor-version":[{"id":7836,"href":"https:\/\/www.aukijoogakoulu.fi\/fi\/wp-json\/wp\/v2\/pages\/784\/revisions\/7836"}],"wp:attachment":[{"href":"https:\/\/www.aukijoogakoulu.fi\/fi\/wp-json\/wp\/v2\/media?parent=784"}],"curies":[{"name":"wp","href":"https:\/\/api.w.org\/{rel}","templated":true}]}}