{"id":387,"date":"2018-07-19T06:57:41","date_gmt":"2018-07-19T06:57:41","guid":{"rendered":"http:\/\/www.joogakoulupolku.fi\/?page_id=387"},"modified":"2021-06-06T12:54:43","modified_gmt":"2021-06-06T12:54:43","slug":"galleria-ja-linkit","status":"publish","type":"page","link":"https:\/\/www.aukijoogakoulu.fi\/fi\/galleria-ja-linkit\/","title":{"rendered":"Linkit"},"content":{"rendered":"\n<h4 class=\"wp-block-heading\">Yhteisty\u00f6ss\u00e4<\/h4>\n\n\n\n<div class=\"wp-block-group\"><div class=\"wp-block-group__inner-container is-layout-flow wp-block-group-is-layout-flow\">\n<figure class=\"wp-block-table\"><table><tbody><tr><td><img decoding=\"async\" class=\"wp-image-1525\" style=\"width: 150px;\" src=\"http:\/\/www.aukijoogakoulu.fi\/wp-content\/uploads\/2018\/08\/Shakta_logo_1.png\" alt=\"\"><\/td><td><img decoding=\"async\" class=\"wp-image-202\" style=\"width: 150px;\" src=\"http:\/\/www.aukijoogakoulu.fi\/wp-content\/uploads\/2018\/07\/LunetteLogo.png\" alt=\"\"><\/td><td><img decoding=\"async\" class=\"wp-image-631\" style=\"width: 150px;\" src=\"http:\/\/www.aukijoogakoulu.fi\/wp-content\/uploads\/2018\/07\/vipassana_wheel_yellow2.png\" alt=\"\"><\/td><td><img decoding=\"async\" class=\"wp-image-2190\" style=\"width: 150px;\" src=\"http:\/\/www.aukijoogakoulu.fi\/wp-content\/uploads\/2018\/10\/joogakoulu_AUKI.Vesa-Toukomaa800px-1.png\" alt=\"\"><\/td><td><img loading=\"lazy\" decoding=\"async\" width=\"150\" height=\"100\" class=\"wp-image-5399\" style=\"width: 150px;\" src=\"http:\/\/www.aukijoogakoulu.fi\/wp-content\/uploads\/2021\/06\/Anne_8.png\" alt=\"\" srcset=\"https:\/\/www.aukijoogakoulu.fi\/wp-content\/uploads\/2021\/06\/Anne_8.png 3888w, https:\/\/www.aukijoogakoulu.fi\/wp-content\/uploads\/2021\/06\/Anne_8-300x200.png 300w, https:\/\/www.aukijoogakoulu.fi\/wp-content\/uploads\/2021\/06\/Anne_8-1024x683.png 1024w, https:\/\/www.aukijoogakoulu.fi\/wp-content\/uploads\/2021\/06\/Anne_8-768x512.png 768w, https:\/\/www.aukijoogakoulu.fi\/wp-content\/uploads\/2021\/06\/Anne_8-1536x1024.png 1536w, https:\/\/www.aukijoogakoulu.fi\/wp-content\/uploads\/2021\/06\/Anne_8-2048x1365.png 2048w, https:\/\/www.aukijoogakoulu.fi\/wp-content\/uploads\/2021\/06\/Anne_8-16x12.png 16w, https:\/\/www.aukijoogakoulu.fi\/wp-content\/uploads\/2021\/06\/Anne_8-272x182.png 272w\" sizes=\"auto, (max-width: 150px) 100vw, 150px\" \/><\/td><\/tr><tr><td><a href=\"https:\/\/shakta.fi\/\" data-type=\"URL\" data-id=\"https:\/\/shakta.fi\/\" target=\"_blank\" rel=\"noreferrer noopener\">Shakta-joogakoulu<\/a><\/td><td><a href=\"https:\/\/fi.lunette.com\/\" data-type=\"URL\" data-id=\"https:\/\/fi.lunette.com\/\" target=\"_blank\" rel=\"noreferrer noopener\">Lunette-kuukuppi<\/a><\/td><td><a href=\"https:\/\/fi.dhamma.org\/fi\/kurssit\/\" data-type=\"URL\" data-id=\"https:\/\/fi.dhamma.org\/fi\/kurssit\/\" target=\"_blank\" rel=\"noreferrer noopener\">Vipassana Finland<\/a><\/td><td><a href=\"https:\/\/www.findartglobally.com\/fi\/taiteilijat\/art\/64\" data-type=\"URL\" data-id=\"https:\/\/www.findartglobally.com\/fi\/taiteilijat\/art\/64\" target=\"_blank\" rel=\"noreferrer noopener\">K<\/a><a rel=\"noreferrer noopener\" href=\"https:\/\/www.findartglobally.com\/fi\/taiteilijat\/art\/64\" data-type=\"URL\" data-id=\"https:\/\/www.findartglobally.com\/fi\/taiteilijat\/art\/64\" target=\"_blank\">uvat ja logo &#8211; Vesa Toukomaa<\/a><\/td><td>Anne Lehtinen<br><a href=\"https:\/\/joogaonvakavaa.blogspot.com\/\" data-type=\"URL\" data-id=\"https:\/\/joogaonvakavaa.blogspot.com\/\" target=\"_blank\" rel=\"noreferrer noopener\">jooga on vakavaa -blogi<\/a><\/td><\/tr><\/tbody><\/table><\/figure>\n<\/div><\/div>\n\n\n\n<h4 class=\"wp-block-heading\">&nbsp;<\/h4>\n\n\n\n<h4 class=\"wp-block-heading\">Astangajoogakoulut<\/h4>\n\n\n\n<p><a href=\"http:\/\/www.ashtangayoga.se\" target=\"_blank\" rel=\"noopener\">Ashtanga Yoga, Stockholm, Sweden<\/a><\/p>\n\n\n\n<p><a href=\"http:\/\/www.joogapaikka.fi\" target=\"_blank\" rel=\"noopener\">Hanna Merta<\/a><\/p>\n\n\n\n<p><a href=\"http:\/\/www.taitavamieli.fi\" target=\"_blank\" rel=\"noopener\">H\u00e4meenlinna Astanga<\/a><\/p>\n\n\n\n<p><a href=\"http:\/\/www.omshanti.se\" target=\"_blank\" rel=\"noopener\">Om Shanti Yoga, Stockholm, Sweden<\/a><\/p>\n\n\n\n<p><a href=\"http:\/\/www.luleayogacentrum.se\" target=\"_blank\" rel=\"noopener\">Lule\u00e5 Yogacentrum, Sweden<\/a><\/p>\n\n\n\n<p><a href=\"http:\/\/www.ashtangauppsala.se\/\" target=\"_blank\" rel=\"noopener\">Uppsala Ashtanga<\/a><\/p>\n\n\n\n<p><a href=\"http:\/\/www.kalixashtangayoga.se\/\" target=\"_blank\" rel=\"noopener\">Kalix Ashtanga<\/a><\/p>\n\n\n\n<p><a href=\"http:\/\/www.astanga.fi\/tampere\" target=\"_blank\" rel=\"noopener\">Tampereen Astangajoogakoulu, Finland<\/a><\/p>\n\n\n\n<p><a href=\"http:\/\/www.astanga.fi\/turku\" target=\"_blank\" rel=\"noopener\">Turun Astangajoogakoulu, Finland<\/a><\/p>\n\n\n\n<p><a href=\"http:\/\/www.astangashala.fi\" target=\"_blank\" rel=\"noopener\">Astanga Shala Pori, Finland<\/a><\/p>\n\n\n\n<p><a href=\"http:\/\/www.astangajyvaskyla.fi\/\" target=\"_blank\" rel=\"noopener\">Jyv\u00e4skyl\u00e4n astangajooga, Finland<\/a><\/p>\n\n\n\n<p><a href=\"http:\/\/www.joogasalonki.fi\/\" target=\"_blank\" rel=\"noopener\">V\u00e4\u00e4ksyn Joogasalonki, Finland<\/a><\/p>\n\n\n\n<p><a href=\"http:\/\/www.ouluastanga.net\" target=\"_blank\" rel=\"noopener\">Astanga Jooga Oulu, Finland<\/a><\/p>\n\n\n\n<p><a href=\"http:\/\/www.raumanastangajooga.fi\" target=\"_blank\" rel=\"noopener\">Rauman astangajooga, Finland<\/a><\/p>\n\n\n\n<p><a href=\"http:\/\/www.astangajoogalappi.net\" target=\"_blank\" rel=\"noopener\">Astanga jooga Lappi, Rovaniemi, Finland<\/a><\/p>\n\n\n\n<p><a href=\"http:\/\/www.ashtangayoga.no\" target=\"_blank\" rel=\"noopener\">Ashtanga Yoga Oslo, Norway<\/a><\/p>\n\n\n\n<p><a title=\"kouvolan astanga jooga\" href=\"http:\/\/www.ashtangayogakouvola.com\/\" target=\"_blank\" rel=\"noopener\">Kouvolan astangajooga<\/a><\/p>\n\n\n\n<p><a href=\"http:\/\/www.astangalahti.fi\" target=\"_blank\" rel=\"noopener\">Astanga Lahti<\/a><\/p>\n\n\n\n<p><a href=\"http:\/\/maria@abarctic.no\" target=\"_blank\" rel=\"noopener\">Lofooten yoga<\/a><\/p>\n\n\n\n<p><a href=\"https:\/\/8yogashala.no\/tromso\/\" target=\"_blank\" rel=\"noopener\">Tromsa ashtanga<\/a><\/p>\n\n\n\n<p><a href=\"http:\/\/www.ayny.org\" target=\"_blank\" rel=\"noopener\">Ashtanga Yoga New York, USA<\/a><\/p>\n\n\n\n<p><a href=\"http:\/\/www.kpjayi.org\" target=\"_blank\" rel=\"noopener\">Shri K Pattabhi Jois Ashtanga Yoga Institute, Mysore, India<\/a><\/p>\n\n\n\n<p><a href=\"http:\/\/www.ashtanga.com\" target=\"_blank\" rel=\"noopener\">Ashtanga Yoga, Global<\/a><\/p>\n\n\n\n<p><a href=\"http:\/\/www.ashtanga.se\" target=\"_blank\" rel=\"noopener\">Ashtanga Yoga Shala, G\u00f6teborg, Sweden<\/a><\/p>\n\n\n\n<p><a href=\"http:\/\/www.astanga.fi\" target=\"_blank\" rel=\"noopener\">Helsingin Astangajoogakoulu, Finland<\/a><\/p>\n\n\n\n<p><a href=\"http:\/\/www.astanga.it\" target=\"_blank\" rel=\"noopener\">Ashtanga Yoga Research Institute, Rome, Italy<\/a><\/p>\n\n\n\n<p><a href=\"http:\/\/www.astanga-yoga.dk\" target=\"_blank\" rel=\"noopener\">Astanga-yoga.dk, Denmark<\/a><\/p>\n\n\n\n<p><a href=\"http:\/\/www.ashtanga.ee\" target=\"_blank\" rel=\"noopener\">Ashtanga Yoga School of Tallinn, Estonia<\/a><\/p>\n\n\n\n<p><a href=\"http:\/\/www.miamilifecenter.com\" target=\"_blank\" rel=\"noopener\">Miami Life Center, USA<\/a><\/p>\n\n\n\n<h4 class=\"wp-block-heading\">Muut linkit<\/h4>\n\n\n\n<p><a href=\"http:\/\/hyp.soas.ac.uk\/\" target=\"_blank\" rel=\"noopener\">Hatha Yoga Project, University of London<\/a><\/p>\n\n\n\n<p><a href=\"http:\/\/www.embodiedphilosophy.com\/\" target=\"_blank\" rel=\"noopener\">Embodied Philosophy<\/a><\/p>\n","protected":false},"excerpt":{"rendered":"<p>Yhteisty\u00f6ss\u00e4 Shakta-joogakoulu Lunette-kuukuppi Vipassana Finland Kuvat ja logo &#8211; Vesa Toukomaa Anne Lehtinenjooga on vakavaa -blogi &nbsp; Astangajoogakoulut Ashtanga Yoga, Stockholm, Sweden Hanna Merta H\u00e4meenlinna Astanga Om Shanti Yoga, Stockholm, Sweden Lule\u00e5 Yogacentrum, Sweden Uppsala Ashtanga Kalix Ashtanga Tampereen Astangajoogakoulu, Finland Turun Astangajoogakoulu, Finland Astanga Shala Pori, Finland Jyv\u00e4skyl\u00e4n astangajooga, Finland V\u00e4\u00e4ksyn Joogasalonki, Finland Astanga [&hellip;]<\/p>\n","protected":false},"author":1,"featured_media":0,"parent":0,"menu_order":0,"comment_status":"closed","ping_status":"closed","template":"","meta":{"footnotes":""},"class_list":["post-387","page","type-page","status-publish","czr-hentry"],"_links":{"self":[{"href":"https:\/\/www.aukijoogakoulu.fi\/fi\/wp-json\/wp\/v2\/pages\/387","targetHints":{"allow":["GET"]}}],"collection":[{"href":"https:\/\/www.aukijoogakoulu.fi\/fi\/wp-json\/wp\/v2\/pages"}],"about":[{"href":"https:\/\/www.aukijoogakoulu.fi\/fi\/wp-json\/wp\/v2\/types\/page"}],"author":[{"embeddable":true,"href":"https:\/\/www.aukijoogakoulu.fi\/fi\/wp-json\/wp\/v2\/users\/1"}],"replies":[{"embeddable":true,"href":"https:\/\/www.aukijoogakoulu.fi\/fi\/wp-json\/wp\/v2\/comments?post=387"}],"version-history":[{"count":61,"href":"https:\/\/www.aukijoogakoulu.fi\/fi\/wp-json\/wp\/v2\/pages\/387\/revisions"}],"predecessor-version":[{"id":5406,"href":"https:\/\/www.aukijoogakoulu.fi\/fi\/wp-json\/wp\/v2\/pages\/387\/revisions\/5406"}],"wp:attachment":[{"href":"https:\/\/www.aukijoogakoulu.fi\/fi\/wp-json\/wp\/v2\/media?parent=387"}],"curies":[{"name":"wp","href":"https:\/\/api.w.org\/{rel}","templated":true}]}}